{"id":10,"date":"2009-12-05T06:18:29","date_gmt":"2009-12-05T12:18:29","guid":{"rendered":"https:\/\/www.amfikaia.gr\/?page_id=10"},"modified":"2018-08-01T17:33:24","modified_gmt":"2018-08-01T14:33:24","slug":"accommodation","status":"publish","type":"page","link":"https:\/\/www.amfikaia.gr\/de\/accommodation\/","title":{"rendered":"Unterkunft"},"content":{"rendered":"<p><\/p>\n<h1>Ihr Aufenthalt<\/h1>\n<p><a href=\"https:\/\/www.amfikaia.gr\/de\/category\/rooms\/\"><span style=\"text-decoration: underline;\"><strong>Sechzehn traditionelle H\u00e4user<\/strong><\/span><\/a>, die meisten davon aus Stein erbaut, sind eine ideale Zuflucht, die wir f\u00fcr Sie vorbereitet haben. Die H\u00e4user sind einzeln gelegen, jedoch nicht zu ablegen, sodass sie gleichzeitig Ruhe und Frieden, aber auch das Gef\u00fchl, in einer freundlichen Nachbarschaft zu sein, bieten. Ihre Sch\u00f6nheit macht die Landschaft noch vollkommener.<\/p>\n<p>Die hell und freundlich gestalteten Innenr\u00e4ume, die im Sommer k\u00fchl und im Winter von der behaglichen W\u00e4rme des Kamins und der Zentralheizung durchdrungen werden, wurden mit viel Liebe zum Detail gestaltet. Sie sind auf diskrete Weise geschmackvoll und raffiniert dekoriert, und nach den neuesten Standards ausgestattet, die Ihnen jeglichen modernen Komfort und alles, was Sie brauchen, bieten. Steinw\u00e4nde sorgen f\u00fcr Privatsph\u00e4re, w\u00e4hrend die gro\u00dfen Fenster Sie Ihrer Umgebung einen Schritt n\u00e4her bringen.<\/p>\n<p>Die G\u00e4rten der Farm, die \u00fcberdachten Kioske und Gemeinschaftspl\u00e4tze um sie herum, erm\u00f6glichen es Ihnen, sich frei zu bewegen, an den landwirtschaftlichen Aktivit\u00e4ten der jeweiligen Saison teilzunehmen und wenn Sie m\u00f6chten, auch Ihre Nachbarn kennen zu lernen. Wir hei\u00dfen Sie auf Amfikaia willkommen und sind uns sicher, dass Sie sich hier \u201eganz wie&#8230;auf der Farm\u201c f\u00fchlen werden!<\/p>\n<p>* Bewusst die H\u00e4user gibt es keine Fernseher.<\/p>","protected":false},"excerpt":{"rendered":"<p>Ihr Aufenthalt Sechzehn traditionelle H\u00e4user, die meisten davon aus Stein erbaut, sind eine ideale Zuflucht, die wir f\u00fcr Sie vorbereitet haben. Die H\u00e4user sind einzeln gelegen, jedoch nicht zu ablegen, sodass sie gleichzeitig Ruhe und Frieden, aber auch das Gef\u00fchl, in einer freundlichen Nachbarschaft zu sein, bieten. Ihre Sch\u00f6nheit macht die Landschaft noch vollkommener. Die [&hellip;]<\/p>\n","protected":false},"author":2,"featured_media":0,"parent":0,"menu_order":0,"comment_status":"open","ping_status":"open","template":"","meta":{"ngg_post_thumbnail":0,"footnotes":""},"aioseo_notices":[],"_links":{"self":[{"href":"https:\/\/www.amfikaia.gr\/de\/wp-json\/wp\/v2\/pages\/10"}],"collection":[{"href":"https:\/\/www.amfikaia.gr\/de\/wp-json\/wp\/v2\/pages"}],"about":[{"href":"https:\/\/www.amfikaia.gr\/de\/wp-json\/wp\/v2\/types\/page"}],"author":[{"embeddable":true,"href":"https:\/\/www.amfikaia.gr\/de\/wp-json\/wp\/v2\/users\/2"}],"replies":[{"embeddable":true,"href":"https:\/\/www.amfikaia.gr\/de\/wp-json\/wp\/v2\/comments?post=10"}],"version-history":[{"count":0,"href":"https:\/\/www.amfikaia.gr\/de\/wp-json\/wp\/v2\/pages\/10\/revisions"}],"wp:attachment":[{"href":"https:\/\/www.amfikaia.gr\/de\/wp-json\/wp\/v2\/media?parent=10"}],"curies":[{"name":"wp","href":"https:\/\/api.w.org\/{rel}","templated":true}]}}