{"id":12,"date":"2009-12-05T06:34:44","date_gmt":"2009-12-05T12:34:44","guid":{"rendered":"https:\/\/www.amfikaia.gr\/?page_id=12"},"modified":"2015-04-28T13:12:11","modified_gmt":"2015-04-28T10:12:11","slug":"flavors","status":"publish","type":"page","link":"https:\/\/www.amfikaia.gr\/de\/flavors\/","title":{"rendered":"Geschm\u00e4cker"},"content":{"rendered":"<p>&nbsp;<\/p>\n<h1>Die Geschm\u00e4cker<\/h1>\n<p>Auf der vorbildlichen Amfikaia-Farm werden Sie Ruhe und Frieden genie\u00dfen und Freude an anderen einfachen, t\u00e4glichen Gen\u00fcssen finden. Jeden Morgen erwartet Sie in unserem Mehrzweck-Raum eine gedeckte Tafel, an der Sie das reichhaltigste und reinste Fr\u00fchst\u00fcck genie\u00dfen k\u00f6nnen, das Sie nur sich vorstellen k\u00f6nnen.<\/p>\n<p>Zum Fr\u00fchst\u00fcck, das aus den erlesensten, lokalen Zutaten zubereitet wird, geh\u00f6ren Eier, Milch, Jogurt, Honig, K\u00e4se, Obst und Gem\u00fcse, sowie Gerichte, bei denen Ihnen das Wasser im Mund zusammenlaufen wird, wie Omelettes, hausgemachte Marmeladen, Pfannkuchen, K\u00e4setorten mit ganz besonders delikatem Geschmack, exquisite Spinattorten und Sauerteigbrote, die in einem mit Holz beheizten Ofen gebacken werden.<\/p>\n<p>Was die \u00fcbrigen Mahlzeiten betrifft, so bleibt die Wahl ganz Ihnen \u00fcberlassen: Sie k\u00f6nnen die leckeren K\u00f6stlichkeiten der Region in einer der Tavernen in der N\u00e4he entdecken und am Abend unsere hausgemachten Rezepte im Restaurant der Farm kosten.<\/p>\n<p>Auf Amfikaia hat das Leben einen anderen Geschmack. Das behaupten wir nicht nur, sondern beweisen es jeden Tag!<\/p>\n<p><!-- index.php -->\n<div\n\tclass=\"ngg-galleryoverview\n\t ngg-ajax-pagination-none\t\"\n\tid=\"ngg-gallery-c34020f576ac7a18c0423f8ed255b1a6-1\">\n\n\t\t\t<!-- Thumbnails -->\n\t\t\t\t<div id=\"ngg-image-0\" class=\"ngg-gallery-thumbnail-box\" \n\t\t\t\t\t\t\t\t\t\t\t>\n\t\t\t\t\t\t<div class=\"ngg-gallery-thumbnail\">\n\t\t\t<a href=\"https:\/\/www.amfikaia.gr\/wp-content\/gallery\/estiatorio-1\/11037477_861639020568967_4201970985436908230_n.jpg\"\n\t\t\t\ttitle=\"\"\n\t\t\t\tdata-src=\"https:\/\/www.amfikaia.gr\/wp-content\/gallery\/estiatorio-1\/11037477_861639020568967_4201970985436908230_n.jpg\"\n\t\t\t\tdata-thumbnail=\"https:\/\/www.amfikaia.gr\/wp-content\/gallery\/estiatorio-1\/thumbs\/thumbs_11037477_861639020568967_4201970985436908230_n.jpg\"\n\t\t\t\tdata-image-id=\"1577\"\n\t\t\t\tdata-title=\"11037477_861639020568967_4201970985436908230_n\"\n\t\t\t\tdata-description=\"\"\n\t\t\t\tdata-image-slug=\"11037477_861639020568967_4201970985436908230_n\"\n\t\t\t\tclass=\"shutterset_c34020f576ac7a18c0423f8ed255b1a6\">\n\t\t\t\t<img\n\t\t\t\t\ttitle=\"11037477_861639020568967_4201970985436908230_n\"\n\t\t\t\t\talt=\"11037477_861639020568967_4201970985436908230_n\"\n\t\t\t\t\tsrc=\"https:\/\/www.amfikaia.gr\/wp-content\/gallery\/estiatorio-1\/thumbs\/thumbs_11037477_861639020568967_4201970985436908230_n.jpg\"\n\t\t\t\t\twidth=\"128\"\n\t\t\t\t\theight=\"70\"\n\t\t\t\t\tstyle=\"max-width:100%;\"\n\t\t\t\t\/>\n\t\t\t<\/a>\n\t\t<\/div>\n\t\t\t\t\t\t\t<\/div> \n\t\t\t\n\t\t\n\t\t\t\t<div id=\"ngg-image-1\" class=\"ngg-gallery-thumbnail-box\" \n\t\t\t\t\t\t\t\t\t\t\t>\n\t\t\t\t\t\t<div class=\"ngg-gallery-thumbnail\">\n\t\t\t<a href=\"https:\/\/www.amfikaia.gr\/wp-content\/gallery\/estiatorio-1\/11046215_861639040568965_7119798728460054009_n.jpg\"\n\t\t\t\ttitle=\" \"\n\t\t\t\tdata-src=\"https:\/\/www.amfikaia.gr\/wp-content\/gallery\/estiatorio-1\/11046215_861639040568965_7119798728460054009_n.jpg\"\n\t\t\t\tdata-thumbnail=\"https:\/\/www.amfikaia.gr\/wp-content\/gallery\/estiatorio-1\/thumbs\/thumbs_11046215_861639040568965_7119798728460054009_n.jpg\"\n\t\t\t\tdata-image-id=\"1578\"\n\t\t\t\tdata-title=\"11046215_861639040568965_7119798728460054009_n\"\n\t\t\t\tdata-description=\" \"\n\t\t\t\tdata-image-slug=\"11046215_861639040568965_7119798728460054009_n\"\n\t\t\t\tclass=\"shutterset_c34020f576ac7a18c0423f8ed255b1a6\">\n\t\t\t\t<img\n\t\t\t\t\ttitle=\"11046215_861639040568965_7119798728460054009_n\"\n\t\t\t\t\talt=\"11046215_861639040568965_7119798728460054009_n\"\n\t\t\t\t\tsrc=\"https:\/\/www.amfikaia.gr\/wp-content\/gallery\/estiatorio-1\/thumbs\/thumbs_11046215_861639040568965_7119798728460054009_n.jpg\"\n\t\t\t\t\twidth=\"128\"\n\t\t\t\t\theight=\"70\"\n\t\t\t\t\tstyle=\"max-width:100%;\"\n\t\t\t\t\/>\n\t\t\t<\/a>\n\t\t<\/div>\n\t\t\t\t\t\t\t<\/div> \n\t\t\t\n\t\t\n\t\t\t\t<div id=\"ngg-image-2\" class=\"ngg-gallery-thumbnail-box\" \n\t\t\t\t\t\t\t\t\t\t\t>\n\t\t\t\t\t\t<div class=\"ngg-gallery-thumbnail\">\n\t\t\t<a href=\"https:\/\/www.amfikaia.gr\/wp-content\/gallery\/estiatorio-1\/11062136_864170960315773_6379353713991868283_n.jpg\"\n\t\t\t\ttitle=\" \"\n\t\t\t\tdata-src=\"https:\/\/www.amfikaia.gr\/wp-content\/gallery\/estiatorio-1\/11062136_864170960315773_6379353713991868283_n.jpg\"\n\t\t\t\tdata-thumbnail=\"https:\/\/www.amfikaia.gr\/wp-content\/gallery\/estiatorio-1\/thumbs\/thumbs_11062136_864170960315773_6379353713991868283_n.jpg\"\n\t\t\t\tdata-image-id=\"1579\"\n\t\t\t\tdata-title=\"11062136_864170960315773_6379353713991868283_n\"\n\t\t\t\tdata-description=\" \"\n\t\t\t\tdata-image-slug=\"11062136_864170960315773_6379353713991868283_n-1\"\n\t\t\t\tclass=\"shutterset_c34020f576ac7a18c0423f8ed255b1a6\">\n\t\t\t\t<img\n\t\t\t\t\ttitle=\"11062136_864170960315773_6379353713991868283_n\"\n\t\t\t\t\talt=\"11062136_864170960315773_6379353713991868283_n\"\n\t\t\t\t\tsrc=\"https:\/\/www.amfikaia.gr\/wp-content\/gallery\/estiatorio-1\/thumbs\/thumbs_11062136_864170960315773_6379353713991868283_n.jpg\"\n\t\t\t\t\twidth=\"128\"\n\t\t\t\t\theight=\"70\"\n\t\t\t\t\tstyle=\"max-width:100%;\"\n\t\t\t\t\/>\n\t\t\t<\/a>\n\t\t<\/div>\n\t\t\t\t\t\t\t<\/div> \n\t\t\t\n\t\t\n\t\t\t\t<div id=\"ngg-image-3\" class=\"ngg-gallery-thumbnail-box\" \n\t\t\t\t\t\t\t\t\t\t\t>\n\t\t\t\t\t\t<div class=\"ngg-gallery-thumbnail\">\n\t\t\t<a href=\"https:\/\/www.amfikaia.gr\/wp-content\/gallery\/estiatorio-1\/20150412_143940.jpg\"\n\t\t\t\ttitle=\" \"\n\t\t\t\tdata-src=\"https:\/\/www.amfikaia.gr\/wp-content\/gallery\/estiatorio-1\/20150412_143940.jpg\"\n\t\t\t\tdata-thumbnail=\"https:\/\/www.amfikaia.gr\/wp-content\/gallery\/estiatorio-1\/thumbs\/thumbs_20150412_143940.jpg\"\n\t\t\t\tdata-image-id=\"1580\"\n\t\t\t\tdata-title=\"20150412_143940\"\n\t\t\t\tdata-description=\" \"\n\t\t\t\tdata-image-slug=\"20150412_143940-1\"\n\t\t\t\tclass=\"shutterset_c34020f576ac7a18c0423f8ed255b1a6\">\n\t\t\t\t<img\n\t\t\t\t\ttitle=\"20150412_143940\"\n\t\t\t\t\talt=\"20150412_143940\"\n\t\t\t\t\tsrc=\"https:\/\/www.amfikaia.gr\/wp-content\/gallery\/estiatorio-1\/thumbs\/thumbs_20150412_143940.jpg\"\n\t\t\t\t\twidth=\"128\"\n\t\t\t\t\theight=\"70\"\n\t\t\t\t\tstyle=\"max-width:100%;\"\n\t\t\t\t\/>\n\t\t\t<\/a>\n\t\t<\/div>\n\t\t\t\t\t\t\t<\/div> \n\t\t\t\n\t\t\n\t\t\t\t<div id=\"ngg-image-4\" class=\"ngg-gallery-thumbnail-box\" \n\t\t\t\t\t\t\t\t\t\t\t>\n\t\t\t\t\t\t<div class=\"ngg-gallery-thumbnail\">\n\t\t\t<a href=\"https:\/\/www.amfikaia.gr\/wp-content\/gallery\/estiatorio-1\/P3280332.jpg\"\n\t\t\t\ttitle=\" \"\n\t\t\t\tdata-src=\"https:\/\/www.amfikaia.gr\/wp-content\/gallery\/estiatorio-1\/P3280332.jpg\"\n\t\t\t\tdata-thumbnail=\"https:\/\/www.amfikaia.gr\/wp-content\/gallery\/estiatorio-1\/thumbs\/thumbs_P3280332.jpg\"\n\t\t\t\tdata-image-id=\"1581\"\n\t\t\t\tdata-title=\"P3280332\"\n\t\t\t\tdata-description=\" \"\n\t\t\t\tdata-image-slug=\"p3280332\"\n\t\t\t\tclass=\"shutterset_c34020f576ac7a18c0423f8ed255b1a6\">\n\t\t\t\t<img\n\t\t\t\t\ttitle=\"P3280332\"\n\t\t\t\t\talt=\"P3280332\"\n\t\t\t\t\tsrc=\"https:\/\/www.amfikaia.gr\/wp-content\/gallery\/estiatorio-1\/thumbs\/thumbs_P3280332.jpg\"\n\t\t\t\t\twidth=\"128\"\n\t\t\t\t\theight=\"70\"\n\t\t\t\t\tstyle=\"max-width:100%;\"\n\t\t\t\t\/>\n\t\t\t<\/a>\n\t\t<\/div>\n\t\t\t\t\t\t\t<\/div> \n\t\t\t\n\t\t\n\t\t\t\t<div id=\"ngg-image-5\" class=\"ngg-gallery-thumbnail-box\" \n\t\t\t\t\t\t\t\t\t\t\t>\n\t\t\t\t\t\t<div class=\"ngg-gallery-thumbnail\">\n\t\t\t<a href=\"https:\/\/www.amfikaia.gr\/wp-content\/gallery\/estiatorio-1\/P3280334.jpg\"\n\t\t\t\ttitle=\" \"\n\t\t\t\tdata-src=\"https:\/\/www.amfikaia.gr\/wp-content\/gallery\/estiatorio-1\/P3280334.jpg\"\n\t\t\t\tdata-thumbnail=\"https:\/\/www.amfikaia.gr\/wp-content\/gallery\/estiatorio-1\/thumbs\/thumbs_P3280334.jpg\"\n\t\t\t\tdata-image-id=\"1582\"\n\t\t\t\tdata-title=\"P3280334\"\n\t\t\t\tdata-description=\" \"\n\t\t\t\tdata-image-slug=\"p3280334\"\n\t\t\t\tclass=\"shutterset_c34020f576ac7a18c0423f8ed255b1a6\">\n\t\t\t\t<img\n\t\t\t\t\ttitle=\"P3280334\"\n\t\t\t\t\talt=\"P3280334\"\n\t\t\t\t\tsrc=\"https:\/\/www.amfikaia.gr\/wp-content\/gallery\/estiatorio-1\/thumbs\/thumbs_P3280334.jpg\"\n\t\t\t\t\twidth=\"128\"\n\t\t\t\t\theight=\"70\"\n\t\t\t\t\tstyle=\"max-width:100%;\"\n\t\t\t\t\/>\n\t\t\t<\/a>\n\t\t<\/div>\n\t\t\t\t\t\t\t<\/div> \n\t\t\t\n\t\t\n\t\t\t\t<div id=\"ngg-image-6\" class=\"ngg-gallery-thumbnail-box\" \n\t\t\t\t\t\t\t\t\t\t\t>\n\t\t\t\t\t\t<div class=\"ngg-gallery-thumbnail\">\n\t\t\t<a href=\"https:\/\/www.amfikaia.gr\/wp-content\/gallery\/estiatorio-1\/15823175_1275360545863477_8905202187972117387_n.jpg\"\n\t\t\t\ttitle=\"\"\n\t\t\t\tdata-src=\"https:\/\/www.amfikaia.gr\/wp-content\/gallery\/estiatorio-1\/15823175_1275360545863477_8905202187972117387_n.jpg\"\n\t\t\t\tdata-thumbnail=\"https:\/\/www.amfikaia.gr\/wp-content\/gallery\/estiatorio-1\/thumbs\/thumbs_15823175_1275360545863477_8905202187972117387_n.jpg\"\n\t\t\t\tdata-image-id=\"2079\"\n\t\t\t\tdata-title=\"15823175_1275360545863477_8905202187972117387_n\"\n\t\t\t\tdata-description=\"\"\n\t\t\t\tdata-image-slug=\"15823175_1275360545863477_8905202187972117387_n-1\"\n\t\t\t\tclass=\"shutterset_c34020f576ac7a18c0423f8ed255b1a6\">\n\t\t\t\t<img\n\t\t\t\t\ttitle=\"15823175_1275360545863477_8905202187972117387_n\"\n\t\t\t\t\talt=\"15823175_1275360545863477_8905202187972117387_n\"\n\t\t\t\t\tsrc=\"https:\/\/www.amfikaia.gr\/wp-content\/gallery\/estiatorio-1\/thumbs\/thumbs_15823175_1275360545863477_8905202187972117387_n.jpg\"\n\t\t\t\t\twidth=\"128\"\n\t\t\t\t\theight=\"70\"\n\t\t\t\t\tstyle=\"max-width:100%;\"\n\t\t\t\t\/>\n\t\t\t<\/a>\n\t\t<\/div>\n\t\t\t\t\t\t\t<\/div> \n\t\t\t\n\t\t\n\t\t\t\t<div id=\"ngg-image-7\" class=\"ngg-gallery-thumbnail-box\" \n\t\t\t\t\t\t\t\t\t\t\t>\n\t\t\t\t\t\t<div class=\"ngg-gallery-thumbnail\">\n\t\t\t<a href=\"https:\/\/www.amfikaia.gr\/wp-content\/gallery\/estiatorio-1\/15825843_1275359662530232_6129098194467078207_n.jpg\"\n\t\t\t\ttitle=\"\"\n\t\t\t\tdata-src=\"https:\/\/www.amfikaia.gr\/wp-content\/gallery\/estiatorio-1\/15825843_1275359662530232_6129098194467078207_n.jpg\"\n\t\t\t\tdata-thumbnail=\"https:\/\/www.amfikaia.gr\/wp-content\/gallery\/estiatorio-1\/thumbs\/thumbs_15825843_1275359662530232_6129098194467078207_n.jpg\"\n\t\t\t\tdata-image-id=\"2080\"\n\t\t\t\tdata-title=\"15825843_1275359662530232_6129098194467078207_n\"\n\t\t\t\tdata-description=\"\"\n\t\t\t\tdata-image-slug=\"15825843_1275359662530232_6129098194467078207_n-1\"\n\t\t\t\tclass=\"shutterset_c34020f576ac7a18c0423f8ed255b1a6\">\n\t\t\t\t<img\n\t\t\t\t\ttitle=\"15825843_1275359662530232_6129098194467078207_n\"\n\t\t\t\t\talt=\"15825843_1275359662530232_6129098194467078207_n\"\n\t\t\t\t\tsrc=\"https:\/\/www.amfikaia.gr\/wp-content\/gallery\/estiatorio-1\/thumbs\/thumbs_15825843_1275359662530232_6129098194467078207_n.jpg\"\n\t\t\t\t\twidth=\"128\"\n\t\t\t\t\theight=\"70\"\n\t\t\t\t\tstyle=\"max-width:100%;\"\n\t\t\t\t\/>\n\t\t\t<\/a>\n\t\t<\/div>\n\t\t\t\t\t\t\t<\/div> \n\t\t\t\n\t\t\n\t\t\t\t<div id=\"ngg-image-8\" class=\"ngg-gallery-thumbnail-box\" \n\t\t\t\t\t\t\t\t\t\t\t>\n\t\t\t\t\t\t<div class=\"ngg-gallery-thumbnail\">\n\t\t\t<a href=\"https:\/\/www.amfikaia.gr\/wp-content\/gallery\/estiatorio-1\/15826305_1275360135863518_4877599729858641217_n.jpg\"\n\t\t\t\ttitle=\"\"\n\t\t\t\tdata-src=\"https:\/\/www.amfikaia.gr\/wp-content\/gallery\/estiatorio-1\/15826305_1275360135863518_4877599729858641217_n.jpg\"\n\t\t\t\tdata-thumbnail=\"https:\/\/www.amfikaia.gr\/wp-content\/gallery\/estiatorio-1\/thumbs\/thumbs_15826305_1275360135863518_4877599729858641217_n.jpg\"\n\t\t\t\tdata-image-id=\"2081\"\n\t\t\t\tdata-title=\"15826305_1275360135863518_4877599729858641217_n\"\n\t\t\t\tdata-description=\"\"\n\t\t\t\tdata-image-slug=\"15826305_1275360135863518_4877599729858641217_n-1\"\n\t\t\t\tclass=\"shutterset_c34020f576ac7a18c0423f8ed255b1a6\">\n\t\t\t\t<img\n\t\t\t\t\ttitle=\"15826305_1275360135863518_4877599729858641217_n\"\n\t\t\t\t\talt=\"15826305_1275360135863518_4877599729858641217_n\"\n\t\t\t\t\tsrc=\"https:\/\/www.amfikaia.gr\/wp-content\/gallery\/estiatorio-1\/thumbs\/thumbs_15826305_1275360135863518_4877599729858641217_n.jpg\"\n\t\t\t\t\twidth=\"128\"\n\t\t\t\t\theight=\"70\"\n\t\t\t\t\tstyle=\"max-width:100%;\"\n\t\t\t\t\/>\n\t\t\t<\/a>\n\t\t<\/div>\n\t\t\t\t\t\t\t<\/div> \n\t\t\t\n\t\t\n\t\t\t\t<div id=\"ngg-image-9\" class=\"ngg-gallery-thumbnail-box\" \n\t\t\t\t\t\t\t\t\t\t\t>\n\t\t\t\t\t\t<div class=\"ngg-gallery-thumbnail\">\n\t\t\t<a href=\"https:\/\/www.amfikaia.gr\/wp-content\/gallery\/estiatorio-1\/15873199_1275359392530259_8696806255673678912_n.jpg\"\n\t\t\t\ttitle=\"\"\n\t\t\t\tdata-src=\"https:\/\/www.amfikaia.gr\/wp-content\/gallery\/estiatorio-1\/15873199_1275359392530259_8696806255673678912_n.jpg\"\n\t\t\t\tdata-thumbnail=\"https:\/\/www.amfikaia.gr\/wp-content\/gallery\/estiatorio-1\/thumbs\/thumbs_15873199_1275359392530259_8696806255673678912_n.jpg\"\n\t\t\t\tdata-image-id=\"2082\"\n\t\t\t\tdata-title=\"15873199_1275359392530259_8696806255673678912_n\"\n\t\t\t\tdata-description=\"\"\n\t\t\t\tdata-image-slug=\"15873199_1275359392530259_8696806255673678912_n-1\"\n\t\t\t\tclass=\"shutterset_c34020f576ac7a18c0423f8ed255b1a6\">\n\t\t\t\t<img\n\t\t\t\t\ttitle=\"15873199_1275359392530259_8696806255673678912_n\"\n\t\t\t\t\talt=\"15873199_1275359392530259_8696806255673678912_n\"\n\t\t\t\t\tsrc=\"https:\/\/www.amfikaia.gr\/wp-content\/gallery\/estiatorio-1\/thumbs\/thumbs_15873199_1275359392530259_8696806255673678912_n.jpg\"\n\t\t\t\t\twidth=\"128\"\n\t\t\t\t\theight=\"70\"\n\t\t\t\t\tstyle=\"max-width:100%;\"\n\t\t\t\t\/>\n\t\t\t<\/a>\n\t\t<\/div>\n\t\t\t\t\t\t\t<\/div> \n\t\t\t\n\t\t\n\t\t\t\t<div id=\"ngg-image-10\" class=\"ngg-gallery-thumbnail-box\" \n\t\t\t\t\t\t\t\t\t\t\t>\n\t\t\t\t\t\t<div class=\"ngg-gallery-thumbnail\">\n\t\t\t<a href=\"https:\/\/www.amfikaia.gr\/wp-content\/gallery\/estiatorio-1\/15894314_1275360259196839_6142961972910571435_n.jpg\"\n\t\t\t\ttitle=\"\"\n\t\t\t\tdata-src=\"https:\/\/www.amfikaia.gr\/wp-content\/gallery\/estiatorio-1\/15894314_1275360259196839_6142961972910571435_n.jpg\"\n\t\t\t\tdata-thumbnail=\"https:\/\/www.amfikaia.gr\/wp-content\/gallery\/estiatorio-1\/thumbs\/thumbs_15894314_1275360259196839_6142961972910571435_n.jpg\"\n\t\t\t\tdata-image-id=\"2083\"\n\t\t\t\tdata-title=\"15894314_1275360259196839_6142961972910571435_n\"\n\t\t\t\tdata-description=\"\"\n\t\t\t\tdata-image-slug=\"15894314_1275360259196839_6142961972910571435_n-1\"\n\t\t\t\tclass=\"shutterset_c34020f576ac7a18c0423f8ed255b1a6\">\n\t\t\t\t<img\n\t\t\t\t\ttitle=\"15894314_1275360259196839_6142961972910571435_n\"\n\t\t\t\t\talt=\"15894314_1275360259196839_6142961972910571435_n\"\n\t\t\t\t\tsrc=\"https:\/\/www.amfikaia.gr\/wp-content\/gallery\/estiatorio-1\/thumbs\/thumbs_15894314_1275360259196839_6142961972910571435_n.jpg\"\n\t\t\t\t\twidth=\"128\"\n\t\t\t\t\theight=\"70\"\n\t\t\t\t\tstyle=\"max-width:100%;\"\n\t\t\t\t\/>\n\t\t\t<\/a>\n\t\t<\/div>\n\t\t\t\t\t\t\t<\/div> \n\t\t\t\n\t\t\n\t\t\t\t<div id=\"ngg-image-11\" class=\"ngg-gallery-thumbnail-box\" \n\t\t\t\t\t\t\t\t\t\t\t>\n\t\t\t\t\t\t<div class=\"ngg-gallery-thumbnail\">\n\t\t\t<a href=\"https:\/\/www.amfikaia.gr\/wp-content\/gallery\/estiatorio-1\/15894542_1275360052530193_7303556072672645110_n.jpg\"\n\t\t\t\ttitle=\"\"\n\t\t\t\tdata-src=\"https:\/\/www.amfikaia.gr\/wp-content\/gallery\/estiatorio-1\/15894542_1275360052530193_7303556072672645110_n.jpg\"\n\t\t\t\tdata-thumbnail=\"https:\/\/www.amfikaia.gr\/wp-content\/gallery\/estiatorio-1\/thumbs\/thumbs_15894542_1275360052530193_7303556072672645110_n.jpg\"\n\t\t\t\tdata-image-id=\"2084\"\n\t\t\t\tdata-title=\"15894542_1275360052530193_7303556072672645110_n\"\n\t\t\t\tdata-description=\"\"\n\t\t\t\tdata-image-slug=\"15894542_1275360052530193_7303556072672645110_n\"\n\t\t\t\tclass=\"shutterset_c34020f576ac7a18c0423f8ed255b1a6\">\n\t\t\t\t<img\n\t\t\t\t\ttitle=\"15894542_1275360052530193_7303556072672645110_n\"\n\t\t\t\t\talt=\"15894542_1275360052530193_7303556072672645110_n\"\n\t\t\t\t\tsrc=\"https:\/\/www.amfikaia.gr\/wp-content\/gallery\/estiatorio-1\/thumbs\/thumbs_15894542_1275360052530193_7303556072672645110_n.jpg\"\n\t\t\t\t\twidth=\"128\"\n\t\t\t\t\theight=\"70\"\n\t\t\t\t\tstyle=\"max-width:100%;\"\n\t\t\t\t\/>\n\t\t\t<\/a>\n\t\t<\/div>\n\t\t\t\t\t\t\t<\/div> \n\t\t\t\n\t\t\n\t\t\n\t\t<div class=\"ngg-clear\"><\/div>\n\t<\/div>\n<\/p>\n<p>* Der Betrieb des Restaurants h\u00e4ngt von der Jahreszeit und Belegung der Wohnungen.<\/p>\n<p>&nbsp;<\/p>","protected":false},"excerpt":{"rendered":"<p>&nbsp; Die Geschm\u00e4cker Auf der vorbildlichen Amfikaia-Farm werden Sie Ruhe und Frieden genie\u00dfen und Freude an anderen einfachen, t\u00e4glichen Gen\u00fcssen finden. Jeden Morgen erwartet Sie in unserem Mehrzweck-Raum eine gedeckte Tafel, an der Sie das reichhaltigste und reinste Fr\u00fchst\u00fcck genie\u00dfen k\u00f6nnen, das Sie nur sich vorstellen k\u00f6nnen. Zum Fr\u00fchst\u00fcck, das aus den erlesensten, lokalen Zutaten [&hellip;]<\/p>\n","protected":false},"author":2,"featured_media":0,"parent":0,"menu_order":0,"comment_status":"open","ping_status":"open","template":"","meta":{"ngg_post_thumbnail":0,"footnotes":""},"aioseo_notices":[],"_links":{"self":[{"href":"https:\/\/www.amfikaia.gr\/de\/wp-json\/wp\/v2\/pages\/12"}],"collection":[{"href":"https:\/\/www.amfikaia.gr\/de\/wp-json\/wp\/v2\/pages"}],"about":[{"href":"https:\/\/www.amfikaia.gr\/de\/wp-json\/wp\/v2\/types\/page"}],"author":[{"embeddable":true,"href":"https:\/\/www.amfikaia.gr\/de\/wp-json\/wp\/v2\/users\/2"}],"replies":[{"embeddable":true,"href":"https:\/\/www.amfikaia.gr\/de\/wp-json\/wp\/v2\/comments?post=12"}],"version-history":[{"count":0,"href":"https:\/\/www.amfikaia.gr\/de\/wp-json\/wp\/v2\/pages\/12\/revisions"}],"wp:attachment":[{"href":"https:\/\/www.amfikaia.gr\/de\/wp-json\/wp\/v2\/media?parent=12"}],"curies":[{"name":"wp","href":"https:\/\/api.w.org\/{rel}","templated":true}]}}