{"id":2,"date":"2009-12-05T05:54:17","date_gmt":"2009-12-05T11:54:17","guid":{"rendered":"https:\/\/www.amfikaia.gr\/?page_id=2"},"modified":"2010-12-17T11:30:31","modified_gmt":"2010-12-17T09:30:31","slug":"about-us","status":"publish","type":"page","link":"https:\/\/www.amfikaia.gr\/de\/about-us\/","title":{"rendered":"\u00dcber uns"},"content":{"rendered":"<p><\/p>\n<h1>Wir tr\u00e4umten von einem Ort\u2026<\/h1>\n<p>So ruhig, dass wir die Stimme der Erde wieder h\u00f6ren k\u00f6nnten.<br \/>\nSo sch\u00f6n, dass er unseren Blick klar werden lassen w\u00fcrde.<br \/>\nSo rein, dass wir wieder atmen k\u00f6nnten.<br \/>\nSo wohlriechend, dass wir die Essenz der D\u00fcfte wieder entdecken k\u00f6nnten.<br \/>\nSo fruchtbar, dass wir seine Gaben ohne Verschwendung auskosten k\u00f6nnten.<br \/>\nSo ger\u00e4umig, dass wir B\u00e4ume pflanzen und Pferde z\u00fcchten k\u00f6nnten.<br \/>\nSo einladend, dass wir ihn mit Ihnen teilen wollen w\u00fcrden.<\/p>\n<h1>Wir s\u00e4ten unsere Tr\u00e4ume\u2026<\/h1>\n<p>Auf dem Berg Parnassos.<br \/>\nWir gossen sie mit Entschlossenheit, M\u00fche und Geduld.<br \/>\nMit der Zeit erbl\u00fchte ein bezaubernder Mikrokosmos.<br \/>\nWir verliehen dem \u00e4ltesten Namen der Region neues Leben, und tauften sie somit Amfikaia.<\/p>","protected":false},"excerpt":{"rendered":"<p>Wir tr\u00e4umten von einem Ort\u2026 So ruhig, dass wir die Stimme der Erde wieder h\u00f6ren k\u00f6nnten. So sch\u00f6n, dass er unseren Blick klar werden lassen w\u00fcrde. So rein, dass wir wieder atmen k\u00f6nnten. So wohlriechend, dass wir die Essenz der D\u00fcfte wieder entdecken k\u00f6nnten. So fruchtbar, dass wir seine Gaben ohne Verschwendung auskosten k\u00f6nnten. So [&hellip;]<\/p>\n","protected":false},"author":2,"featured_media":0,"parent":0,"menu_order":0,"comment_status":"open","ping_status":"open","template":"","meta":{"ngg_post_thumbnail":0,"footnotes":""},"aioseo_notices":[],"_links":{"self":[{"href":"https:\/\/www.amfikaia.gr\/de\/wp-json\/wp\/v2\/pages\/2"}],"collection":[{"href":"https:\/\/www.amfikaia.gr\/de\/wp-json\/wp\/v2\/pages"}],"about":[{"href":"https:\/\/www.amfikaia.gr\/de\/wp-json\/wp\/v2\/types\/page"}],"author":[{"embeddable":true,"href":"https:\/\/www.amfikaia.gr\/de\/wp-json\/wp\/v2\/users\/2"}],"replies":[{"embeddable":true,"href":"https:\/\/www.amfikaia.gr\/de\/wp-json\/wp\/v2\/comments?post=2"}],"version-history":[{"count":0,"href":"https:\/\/www.amfikaia.gr\/de\/wp-json\/wp\/v2\/pages\/2\/revisions"}],"wp:attachment":[{"href":"https:\/\/www.amfikaia.gr\/de\/wp-json\/wp\/v2\/media?parent=2"}],"curies":[{"name":"wp","href":"https:\/\/api.w.org\/{rel}","templated":true}]}}