{"id":20,"date":"2009-12-05T07:28:50","date_gmt":"2009-12-05T13:28:50","guid":{"rendered":"https:\/\/www.amfikaia.gr\/?page_id=20"},"modified":"2015-11-28T16:27:17","modified_gmt":"2015-11-28T14:27:17","slug":"activities","status":"publish","type":"page","link":"https:\/\/www.amfikaia.gr\/de\/activities\/","title":{"rendered":"Aktivit\u00e4ten"},"content":{"rendered":"<p><\/p>\n<h1>Aktivit\u00e4ten<\/h1>\n<p>Die Amfikaia-Farm ist ein warmer, gastfreundlicher Ort, aber auch eine echte, lebendige Farm, mit ihrem t\u00e4glichen Programm und den t\u00e4glichen Aufgaben. Wenn Sie m\u00f6chten \u2013 und wir glauben, Sie werden es wollen \u2013 k\u00f6nnen Sie einen unvergesslichen Einblick in das Leben auf der Farm gewinnen, indem Sie auf freiwilliger Basis an unseren t\u00e4glichen Aktivit\u00e4ten teilnehmen. Je nach Jahreszeit k\u00f6nnen Sie beim G\u00e4rtnern, Pflanzen, Unkraut j\u00e4ten oder sogar beim Ernten von Fr\u00fcchten und aromatischen Pflanzen mitmachen.<\/p>\n<p>Die Farm ist Ihr Spielplatz. Sie haben auch die M\u00f6glichkeit, Ihre Zeit ganz und gar auszukosten. Sie k\u00f6nnen jede Minute Ihres Aufenthalts genie\u00dfen, entlang der H\u00fcgel des Berg Parnossos wandern, oder sogar Mountain Bike fahren, Ihre F\u00e4higkeiten beim Bogenschie\u00dfen unter Beweis stellen, oder auf unserem kleinen Feld.<\/p>\n<p>Und auch wenn Sie gern schwimmen, sind Sie hier genau richtig. In den gro\u00dfen Teich mit seinem kristallklaren Wasser einzutauchen, das direkt aus dem Berg Parnossos kommt, und st\u00e4ndig frisch aufgef\u00fcllt wird, ist ein einzigartiges, erfrischendes Erlebnis.<\/p>\n<p><!-- index.php -->\n<div\n\tclass=\"ngg-galleryoverview\n\t ngg-ajax-pagination-none\t\"\n\tid=\"ngg-gallery-7d568987543c39d0b50976821417d1e9-1\">\n\n\t\t\t<!-- Thumbnails -->\n\t\t\t\t<div id=\"ngg-image-0\" class=\"ngg-gallery-thumbnail-box\" \n\t\t\t\t\t\t\t\t\t\t\t>\n\t\t\t\t\t\t<div class=\"ngg-gallery-thumbnail\">\n\t\t\t<a href=\"https:\/\/www.amfikaia.gr\/wp-content\/gallery\/drastiriotites\/drastir.jpg\"\n\t\t\t\ttitle=\"\"\n\t\t\t\tdata-src=\"https:\/\/www.amfikaia.gr\/wp-content\/gallery\/drastiriotites\/drastir.jpg\"\n\t\t\t\tdata-thumbnail=\"https:\/\/www.amfikaia.gr\/wp-content\/gallery\/drastiriotites\/thumbs\/thumbs_drastir.jpg\"\n\t\t\t\tdata-image-id=\"1789\"\n\t\t\t\tdata-title=\"drastir\"\n\t\t\t\tdata-description=\"\"\n\t\t\t\tdata-image-slug=\"drastir\"\n\t\t\t\tclass=\"shutterset_7d568987543c39d0b50976821417d1e9\">\n\t\t\t\t<img\n\t\t\t\t\ttitle=\"drastir\"\n\t\t\t\t\talt=\"drastir\"\n\t\t\t\t\tsrc=\"https:\/\/www.amfikaia.gr\/wp-content\/gallery\/drastiriotites\/thumbs\/thumbs_drastir.jpg\"\n\t\t\t\t\twidth=\"128\"\n\t\t\t\t\theight=\"70\"\n\t\t\t\t\tstyle=\"max-width:100%;\"\n\t\t\t\t\/>\n\t\t\t<\/a>\n\t\t<\/div>\n\t\t\t\t\t\t\t<\/div> \n\t\t\t\n\t\t\n\t\t\t\t<div id=\"ngg-image-1\" class=\"ngg-gallery-thumbnail-box\" \n\t\t\t\t\t\t\t\t\t\t\t>\n\t\t\t\t\t\t<div class=\"ngg-gallery-thumbnail\">\n\t\t\t<a href=\"https:\/\/www.amfikaia.gr\/wp-content\/gallery\/drastiriotites\/drastir1.jpg\"\n\t\t\t\ttitle=\"\"\n\t\t\t\tdata-src=\"https:\/\/www.amfikaia.gr\/wp-content\/gallery\/drastiriotites\/drastir1.jpg\"\n\t\t\t\tdata-thumbnail=\"https:\/\/www.amfikaia.gr\/wp-content\/gallery\/drastiriotites\/thumbs\/thumbs_drastir1.jpg\"\n\t\t\t\tdata-image-id=\"1790\"\n\t\t\t\tdata-title=\"drastir1\"\n\t\t\t\tdata-description=\"\"\n\t\t\t\tdata-image-slug=\"drastir1\"\n\t\t\t\tclass=\"shutterset_7d568987543c39d0b50976821417d1e9\">\n\t\t\t\t<img\n\t\t\t\t\ttitle=\"drastir1\"\n\t\t\t\t\talt=\"drastir1\"\n\t\t\t\t\tsrc=\"https:\/\/www.amfikaia.gr\/wp-content\/gallery\/drastiriotites\/thumbs\/thumbs_drastir1.jpg\"\n\t\t\t\t\twidth=\"128\"\n\t\t\t\t\theight=\"70\"\n\t\t\t\t\tstyle=\"max-width:100%;\"\n\t\t\t\t\/>\n\t\t\t<\/a>\n\t\t<\/div>\n\t\t\t\t\t\t\t<\/div> \n\t\t\t\n\t\t\n\t\t\t\t<div id=\"ngg-image-2\" class=\"ngg-gallery-thumbnail-box\" \n\t\t\t\t\t\t\t\t\t\t\t>\n\t\t\t\t\t\t<div class=\"ngg-gallery-thumbnail\">\n\t\t\t<a href=\"https:\/\/www.amfikaia.gr\/wp-content\/gallery\/drastiriotites\/drastir2.jpg\"\n\t\t\t\ttitle=\"\"\n\t\t\t\tdata-src=\"https:\/\/www.amfikaia.gr\/wp-content\/gallery\/drastiriotites\/drastir2.jpg\"\n\t\t\t\tdata-thumbnail=\"https:\/\/www.amfikaia.gr\/wp-content\/gallery\/drastiriotites\/thumbs\/thumbs_drastir2.jpg\"\n\t\t\t\tdata-image-id=\"1791\"\n\t\t\t\tdata-title=\"drastir2\"\n\t\t\t\tdata-description=\"\"\n\t\t\t\tdata-image-slug=\"drastir2\"\n\t\t\t\tclass=\"shutterset_7d568987543c39d0b50976821417d1e9\">\n\t\t\t\t<img\n\t\t\t\t\ttitle=\"drastir2\"\n\t\t\t\t\talt=\"drastir2\"\n\t\t\t\t\tsrc=\"https:\/\/www.amfikaia.gr\/wp-content\/gallery\/drastiriotites\/thumbs\/thumbs_drastir2.jpg\"\n\t\t\t\t\twidth=\"128\"\n\t\t\t\t\theight=\"70\"\n\t\t\t\t\tstyle=\"max-width:100%;\"\n\t\t\t\t\/>\n\t\t\t<\/a>\n\t\t<\/div>\n\t\t\t\t\t\t\t<\/div> \n\t\t\t\n\t\t\n\t\t\t\t<div id=\"ngg-image-3\" class=\"ngg-gallery-thumbnail-box\" \n\t\t\t\t\t\t\t\t\t\t\t>\n\t\t\t\t\t\t<div class=\"ngg-gallery-thumbnail\">\n\t\t\t<a href=\"https:\/\/www.amfikaia.gr\/wp-content\/gallery\/drastiriotites\/drastir3.jpg\"\n\t\t\t\ttitle=\"\"\n\t\t\t\tdata-src=\"https:\/\/www.amfikaia.gr\/wp-content\/gallery\/drastiriotites\/drastir3.jpg\"\n\t\t\t\tdata-thumbnail=\"https:\/\/www.amfikaia.gr\/wp-content\/gallery\/drastiriotites\/thumbs\/thumbs_drastir3.jpg\"\n\t\t\t\tdata-image-id=\"1792\"\n\t\t\t\tdata-title=\"drastir3\"\n\t\t\t\tdata-description=\"\"\n\t\t\t\tdata-image-slug=\"drastir3\"\n\t\t\t\tclass=\"shutterset_7d568987543c39d0b50976821417d1e9\">\n\t\t\t\t<img\n\t\t\t\t\ttitle=\"drastir3\"\n\t\t\t\t\talt=\"drastir3\"\n\t\t\t\t\tsrc=\"https:\/\/www.amfikaia.gr\/wp-content\/gallery\/drastiriotites\/thumbs\/thumbs_drastir3.jpg\"\n\t\t\t\t\twidth=\"128\"\n\t\t\t\t\theight=\"70\"\n\t\t\t\t\tstyle=\"max-width:100%;\"\n\t\t\t\t\/>\n\t\t\t<\/a>\n\t\t<\/div>\n\t\t\t\t\t\t\t<\/div> \n\t\t\t\n\t\t\n\t\t\t\t<div id=\"ngg-image-4\" class=\"ngg-gallery-thumbnail-box\" \n\t\t\t\t\t\t\t\t\t\t\t>\n\t\t\t\t\t\t<div class=\"ngg-gallery-thumbnail\">\n\t\t\t<a href=\"https:\/\/www.amfikaia.gr\/wp-content\/gallery\/drastiriotites\/drastir4.jpg\"\n\t\t\t\ttitle=\"\"\n\t\t\t\tdata-src=\"https:\/\/www.amfikaia.gr\/wp-content\/gallery\/drastiriotites\/drastir4.jpg\"\n\t\t\t\tdata-thumbnail=\"https:\/\/www.amfikaia.gr\/wp-content\/gallery\/drastiriotites\/thumbs\/thumbs_drastir4.jpg\"\n\t\t\t\tdata-image-id=\"1793\"\n\t\t\t\tdata-title=\"drastir4\"\n\t\t\t\tdata-description=\"\"\n\t\t\t\tdata-image-slug=\"drastir4\"\n\t\t\t\tclass=\"shutterset_7d568987543c39d0b50976821417d1e9\">\n\t\t\t\t<img\n\t\t\t\t\ttitle=\"drastir4\"\n\t\t\t\t\talt=\"drastir4\"\n\t\t\t\t\tsrc=\"https:\/\/www.amfikaia.gr\/wp-content\/gallery\/drastiriotites\/thumbs\/thumbs_drastir4.jpg\"\n\t\t\t\t\twidth=\"128\"\n\t\t\t\t\theight=\"70\"\n\t\t\t\t\tstyle=\"max-width:100%;\"\n\t\t\t\t\/>\n\t\t\t<\/a>\n\t\t<\/div>\n\t\t\t\t\t\t\t<\/div> \n\t\t\t\n\t\t\n\t\t\t\t<div id=\"ngg-image-5\" class=\"ngg-gallery-thumbnail-box\" \n\t\t\t\t\t\t\t\t\t\t\t>\n\t\t\t\t\t\t<div class=\"ngg-gallery-thumbnail\">\n\t\t\t<a href=\"https:\/\/www.amfikaia.gr\/wp-content\/gallery\/drastiriotites\/drastir6.jpg\"\n\t\t\t\ttitle=\"\"\n\t\t\t\tdata-src=\"https:\/\/www.amfikaia.gr\/wp-content\/gallery\/drastiriotites\/drastir6.jpg\"\n\t\t\t\tdata-thumbnail=\"https:\/\/www.amfikaia.gr\/wp-content\/gallery\/drastiriotites\/thumbs\/thumbs_drastir6.jpg\"\n\t\t\t\tdata-image-id=\"1794\"\n\t\t\t\tdata-title=\"drastir6\"\n\t\t\t\tdata-description=\"\"\n\t\t\t\tdata-image-slug=\"drastir6\"\n\t\t\t\tclass=\"shutterset_7d568987543c39d0b50976821417d1e9\">\n\t\t\t\t<img\n\t\t\t\t\ttitle=\"drastir6\"\n\t\t\t\t\talt=\"drastir6\"\n\t\t\t\t\tsrc=\"https:\/\/www.amfikaia.gr\/wp-content\/gallery\/drastiriotites\/thumbs\/thumbs_drastir6.jpg\"\n\t\t\t\t\twidth=\"128\"\n\t\t\t\t\theight=\"70\"\n\t\t\t\t\tstyle=\"max-width:100%;\"\n\t\t\t\t\/>\n\t\t\t<\/a>\n\t\t<\/div>\n\t\t\t\t\t\t\t<\/div> \n\t\t\t\n\t\t\n\t\t\t\t<div id=\"ngg-image-6\" class=\"ngg-gallery-thumbnail-box\" \n\t\t\t\t\t\t\t\t\t\t\t>\n\t\t\t\t\t\t<div class=\"ngg-gallery-thumbnail\">\n\t\t\t<a href=\"https:\/\/www.amfikaia.gr\/wp-content\/gallery\/drastiriotites\/drastir7.jpg\"\n\t\t\t\ttitle=\"\"\n\t\t\t\tdata-src=\"https:\/\/www.amfikaia.gr\/wp-content\/gallery\/drastiriotites\/drastir7.jpg\"\n\t\t\t\tdata-thumbnail=\"https:\/\/www.amfikaia.gr\/wp-content\/gallery\/drastiriotites\/thumbs\/thumbs_drastir7.jpg\"\n\t\t\t\tdata-image-id=\"1795\"\n\t\t\t\tdata-title=\"drastir7\"\n\t\t\t\tdata-description=\"\"\n\t\t\t\tdata-image-slug=\"drastir7\"\n\t\t\t\tclass=\"shutterset_7d568987543c39d0b50976821417d1e9\">\n\t\t\t\t<img\n\t\t\t\t\ttitle=\"drastir7\"\n\t\t\t\t\talt=\"drastir7\"\n\t\t\t\t\tsrc=\"https:\/\/www.amfikaia.gr\/wp-content\/gallery\/drastiriotites\/thumbs\/thumbs_drastir7.jpg\"\n\t\t\t\t\twidth=\"128\"\n\t\t\t\t\theight=\"70\"\n\t\t\t\t\tstyle=\"max-width:100%;\"\n\t\t\t\t\/>\n\t\t\t<\/a>\n\t\t<\/div>\n\t\t\t\t\t\t\t<\/div> \n\t\t\t\n\t\t\n\t\t\t\t<div id=\"ngg-image-7\" class=\"ngg-gallery-thumbnail-box\" \n\t\t\t\t\t\t\t\t\t\t\t>\n\t\t\t\t\t\t<div class=\"ngg-gallery-thumbnail\">\n\t\t\t<a href=\"https:\/\/www.amfikaia.gr\/wp-content\/gallery\/drastiriotites\/drastir8.jpg\"\n\t\t\t\ttitle=\"\"\n\t\t\t\tdata-src=\"https:\/\/www.amfikaia.gr\/wp-content\/gallery\/drastiriotites\/drastir8.jpg\"\n\t\t\t\tdata-thumbnail=\"https:\/\/www.amfikaia.gr\/wp-content\/gallery\/drastiriotites\/thumbs\/thumbs_drastir8.jpg\"\n\t\t\t\tdata-image-id=\"1796\"\n\t\t\t\tdata-title=\"drastir8\"\n\t\t\t\tdata-description=\"\"\n\t\t\t\tdata-image-slug=\"drastir8\"\n\t\t\t\tclass=\"shutterset_7d568987543c39d0b50976821417d1e9\">\n\t\t\t\t<img\n\t\t\t\t\ttitle=\"drastir8\"\n\t\t\t\t\talt=\"drastir8\"\n\t\t\t\t\tsrc=\"https:\/\/www.amfikaia.gr\/wp-content\/gallery\/drastiriotites\/thumbs\/thumbs_drastir8.jpg\"\n\t\t\t\t\twidth=\"128\"\n\t\t\t\t\theight=\"70\"\n\t\t\t\t\tstyle=\"max-width:100%;\"\n\t\t\t\t\/>\n\t\t\t<\/a>\n\t\t<\/div>\n\t\t\t\t\t\t\t<\/div> \n\t\t\t\n\t\t\n\t\t\n\t\t<div class=\"ngg-clear\"><\/div>\n\t<\/div>\n<\/p>","protected":false},"excerpt":{"rendered":"<p>Aktivit\u00e4ten Die Amfikaia-Farm ist ein warmer, gastfreundlicher Ort, aber auch eine echte, lebendige Farm, mit ihrem t\u00e4glichen Programm und den t\u00e4glichen Aufgaben. Wenn Sie m\u00f6chten \u2013 und wir glauben, Sie werden es wollen \u2013 k\u00f6nnen Sie einen unvergesslichen Einblick in das Leben auf der Farm gewinnen, indem Sie auf freiwilliger Basis an unseren t\u00e4glichen Aktivit\u00e4ten [&hellip;]<\/p>\n","protected":false},"author":2,"featured_media":0,"parent":0,"menu_order":0,"comment_status":"open","ping_status":"open","template":"","meta":{"ngg_post_thumbnail":0,"footnotes":""},"aioseo_notices":[],"_links":{"self":[{"href":"https:\/\/www.amfikaia.gr\/de\/wp-json\/wp\/v2\/pages\/20"}],"collection":[{"href":"https:\/\/www.amfikaia.gr\/de\/wp-json\/wp\/v2\/pages"}],"about":[{"href":"https:\/\/www.amfikaia.gr\/de\/wp-json\/wp\/v2\/types\/page"}],"author":[{"embeddable":true,"href":"https:\/\/www.amfikaia.gr\/de\/wp-json\/wp\/v2\/users\/2"}],"replies":[{"embeddable":true,"href":"https:\/\/www.amfikaia.gr\/de\/wp-json\/wp\/v2\/comments?post=20"}],"version-history":[{"count":0,"href":"https:\/\/www.amfikaia.gr\/de\/wp-json\/wp\/v2\/pages\/20\/revisions"}],"wp:attachment":[{"href":"https:\/\/www.amfikaia.gr\/de\/wp-json\/wp\/v2\/media?parent=20"}],"curies":[{"name":"wp","href":"https:\/\/api.w.org\/{rel}","templated":true}]}}