{"id":27,"date":"2009-12-05T07:51:54","date_gmt":"2009-12-05T13:51:54","guid":{"rendered":"https:\/\/www.amfikaia.gr\/%cf%84%ce%bf-%ce%b5%ce%bb%ce%bb%ce%b7%ce%bd%ce%b9%ce%ba%cf%8c-%ce%ac%ce%bb%ce%bf%ce%b3%ce%bf\/"},"modified":"2015-10-15T22:42:20","modified_gmt":"2015-10-15T19:42:20","slug":"greek-horses","status":"publish","type":"page","link":"https:\/\/www.amfikaia.gr\/de\/greek-horses\/","title":{"rendered":"Griechische Pferde"},"content":{"rendered":"<p><\/p>\n<h1>Griechische Pferde<\/h1>\n<p>Die ber\u00fchmten thessalischen Pferde sind majest\u00e4tisch durch die Zeit galoppiert. Mit ihrer sch\u00f6nen und eindrucksvollen Art regen sie die Fantasie des Menschen an und haben den Mythos des Zentaur entstehen lassen. Sie haben geduldig eine Bindung zu Farmern aufgebaut und ihnen treu gedient. Da sie blitzschnell sind, haben sie auch K\u00e4mpfe erlebt, Kriege \u00fcberlebt und die Geschichte in Form des legend\u00e4ren Pferdes Bukephalos gepr\u00e4gt. Unbesiegbar \u00fcberlebten sie Jahrhunderte lang, nur um schlie\u00dflich von Maschinen besiegt und ersetzt zu werden, und sich der Brutalit\u00e4t jener zu ergeben, die sie zum Schlachter f\u00fchrten, wodurch sie heute nahezu ausgestorben sind.<\/p>\n<p>Heutzutage ist die Amfikaia-Farm eine wahre Arche f\u00fcr die griechischen Pferderassen. Seit ihrer Gr\u00fcndung hat sie an diversen Ma\u00dfnahmen zur Arterhaltung teilgenommen. Mit viel Sorgfalt und Liebe bieten wir einigen thessalischen Stuten Zuflucht, einem der wenigen Vollbl\u00fcter der Rasse, sowie einem der letzten verbleibenden Hengste. Zusammen mit den wundersch\u00f6nen, kleinen Skyros-Ponys bilden die thessalischen Pferde die \u201eKavallerie\u201c der Farm, die um ihr \u00dcberleben \u201ek\u00e4mpft\u201c.<\/p>\n<p>* Es gibt keine M\u00f6glichkeit, Reiten.<\/p>\n<p><!-- index.php -->\n<div\n\tclass=\"ngg-galleryoverview\n\t ngg-ajax-pagination-none\t\"\n\tid=\"ngg-gallery-85299c2f1370a8bcdf4ce412c56f310e-1\">\n\n\t\t\t<!-- Thumbnails -->\n\t\t\t\t<div id=\"ngg-image-0\" class=\"ngg-gallery-thumbnail-box\" \n\t\t\t\t\t\t\t\t\t\t\t>\n\t\t\t\t\t\t<div class=\"ngg-gallery-thumbnail\">\n\t\t\t<a href=\"https:\/\/www.amfikaia.gr\/wp-content\/gallery\/aloga\/aloga1.jpg\"\n\t\t\t\ttitle=\"\"\n\t\t\t\tdata-src=\"https:\/\/www.amfikaia.gr\/wp-content\/gallery\/aloga\/aloga1.jpg\"\n\t\t\t\tdata-thumbnail=\"https:\/\/www.amfikaia.gr\/wp-content\/gallery\/aloga\/thumbs\/thumbs_aloga1.jpg\"\n\t\t\t\tdata-image-id=\"1797\"\n\t\t\t\tdata-title=\"aloga1\"\n\t\t\t\tdata-description=\"\"\n\t\t\t\tdata-image-slug=\"aloga1\"\n\t\t\t\tclass=\"shutterset_85299c2f1370a8bcdf4ce412c56f310e\">\n\t\t\t\t<img\n\t\t\t\t\ttitle=\"aloga1\"\n\t\t\t\t\talt=\"aloga1\"\n\t\t\t\t\tsrc=\"https:\/\/www.amfikaia.gr\/wp-content\/gallery\/aloga\/thumbs\/thumbs_aloga1.jpg\"\n\t\t\t\t\twidth=\"128\"\n\t\t\t\t\theight=\"70\"\n\t\t\t\t\tstyle=\"max-width:100%;\"\n\t\t\t\t\/>\n\t\t\t<\/a>\n\t\t<\/div>\n\t\t\t\t\t\t\t<\/div> \n\t\t\t\n\t\t\n\t\t\t\t<div id=\"ngg-image-1\" class=\"ngg-gallery-thumbnail-box\" \n\t\t\t\t\t\t\t\t\t\t\t>\n\t\t\t\t\t\t<div class=\"ngg-gallery-thumbnail\">\n\t\t\t<a href=\"https:\/\/www.amfikaia.gr\/wp-content\/gallery\/aloga\/aloga2.jpg\"\n\t\t\t\ttitle=\"\"\n\t\t\t\tdata-src=\"https:\/\/www.amfikaia.gr\/wp-content\/gallery\/aloga\/aloga2.jpg\"\n\t\t\t\tdata-thumbnail=\"https:\/\/www.amfikaia.gr\/wp-content\/gallery\/aloga\/thumbs\/thumbs_aloga2.jpg\"\n\t\t\t\tdata-image-id=\"1798\"\n\t\t\t\tdata-title=\"aloga2\"\n\t\t\t\tdata-description=\"\"\n\t\t\t\tdata-image-slug=\"aloga2\"\n\t\t\t\tclass=\"shutterset_85299c2f1370a8bcdf4ce412c56f310e\">\n\t\t\t\t<img\n\t\t\t\t\ttitle=\"aloga2\"\n\t\t\t\t\talt=\"aloga2\"\n\t\t\t\t\tsrc=\"https:\/\/www.amfikaia.gr\/wp-content\/gallery\/aloga\/thumbs\/thumbs_aloga2.jpg\"\n\t\t\t\t\twidth=\"128\"\n\t\t\t\t\theight=\"70\"\n\t\t\t\t\tstyle=\"max-width:100%;\"\n\t\t\t\t\/>\n\t\t\t<\/a>\n\t\t<\/div>\n\t\t\t\t\t\t\t<\/div> \n\t\t\t\n\t\t\n\t\t\t\t<div id=\"ngg-image-2\" class=\"ngg-gallery-thumbnail-box\" \n\t\t\t\t\t\t\t\t\t\t\t>\n\t\t\t\t\t\t<div class=\"ngg-gallery-thumbnail\">\n\t\t\t<a href=\"https:\/\/www.amfikaia.gr\/wp-content\/gallery\/aloga\/aloga3.jpg\"\n\t\t\t\ttitle=\"\"\n\t\t\t\tdata-src=\"https:\/\/www.amfikaia.gr\/wp-content\/gallery\/aloga\/aloga3.jpg\"\n\t\t\t\tdata-thumbnail=\"https:\/\/www.amfikaia.gr\/wp-content\/gallery\/aloga\/thumbs\/thumbs_aloga3.jpg\"\n\t\t\t\tdata-image-id=\"1799\"\n\t\t\t\tdata-title=\"aloga3\"\n\t\t\t\tdata-description=\"\"\n\t\t\t\tdata-image-slug=\"aloga3\"\n\t\t\t\tclass=\"shutterset_85299c2f1370a8bcdf4ce412c56f310e\">\n\t\t\t\t<img\n\t\t\t\t\ttitle=\"aloga3\"\n\t\t\t\t\talt=\"aloga3\"\n\t\t\t\t\tsrc=\"https:\/\/www.amfikaia.gr\/wp-content\/gallery\/aloga\/thumbs\/thumbs_aloga3.jpg\"\n\t\t\t\t\twidth=\"128\"\n\t\t\t\t\theight=\"70\"\n\t\t\t\t\tstyle=\"max-width:100%;\"\n\t\t\t\t\/>\n\t\t\t<\/a>\n\t\t<\/div>\n\t\t\t\t\t\t\t<\/div> \n\t\t\t\n\t\t\n\t\t\t\t<div id=\"ngg-image-3\" class=\"ngg-gallery-thumbnail-box\" \n\t\t\t\t\t\t\t\t\t\t\t>\n\t\t\t\t\t\t<div class=\"ngg-gallery-thumbnail\">\n\t\t\t<a href=\"https:\/\/www.amfikaia.gr\/wp-content\/gallery\/aloga\/aloga4.jpg\"\n\t\t\t\ttitle=\"\"\n\t\t\t\tdata-src=\"https:\/\/www.amfikaia.gr\/wp-content\/gallery\/aloga\/aloga4.jpg\"\n\t\t\t\tdata-thumbnail=\"https:\/\/www.amfikaia.gr\/wp-content\/gallery\/aloga\/thumbs\/thumbs_aloga4.jpg\"\n\t\t\t\tdata-image-id=\"1800\"\n\t\t\t\tdata-title=\"aloga4\"\n\t\t\t\tdata-description=\"\"\n\t\t\t\tdata-image-slug=\"aloga4\"\n\t\t\t\tclass=\"shutterset_85299c2f1370a8bcdf4ce412c56f310e\">\n\t\t\t\t<img\n\t\t\t\t\ttitle=\"aloga4\"\n\t\t\t\t\talt=\"aloga4\"\n\t\t\t\t\tsrc=\"https:\/\/www.amfikaia.gr\/wp-content\/gallery\/aloga\/thumbs\/thumbs_aloga4.jpg\"\n\t\t\t\t\twidth=\"128\"\n\t\t\t\t\theight=\"70\"\n\t\t\t\t\tstyle=\"max-width:100%;\"\n\t\t\t\t\/>\n\t\t\t<\/a>\n\t\t<\/div>\n\t\t\t\t\t\t\t<\/div> \n\t\t\t\n\t\t\n\t\t\n\t\t<div class=\"ngg-clear\"><\/div>\n\t<\/div>\n<\/p>","protected":false},"excerpt":{"rendered":"<p>Griechische Pferde Die ber\u00fchmten thessalischen Pferde sind majest\u00e4tisch durch die Zeit galoppiert. Mit ihrer sch\u00f6nen und eindrucksvollen Art regen sie die Fantasie des Menschen an und haben den Mythos des Zentaur entstehen lassen. Sie haben geduldig eine Bindung zu Farmern aufgebaut und ihnen treu gedient. Da sie blitzschnell sind, haben sie auch K\u00e4mpfe erlebt, Kriege [&hellip;]<\/p>\n","protected":false},"author":2,"featured_media":0,"parent":0,"menu_order":0,"comment_status":"open","ping_status":"open","template":"","meta":{"ngg_post_thumbnail":0,"footnotes":""},"aioseo_notices":[],"_links":{"self":[{"href":"https:\/\/www.amfikaia.gr\/de\/wp-json\/wp\/v2\/pages\/27"}],"collection":[{"href":"https:\/\/www.amfikaia.gr\/de\/wp-json\/wp\/v2\/pages"}],"about":[{"href":"https:\/\/www.amfikaia.gr\/de\/wp-json\/wp\/v2\/types\/page"}],"author":[{"embeddable":true,"href":"https:\/\/www.amfikaia.gr\/de\/wp-json\/wp\/v2\/users\/2"}],"replies":[{"embeddable":true,"href":"https:\/\/www.amfikaia.gr\/de\/wp-json\/wp\/v2\/comments?post=27"}],"version-history":[{"count":0,"href":"https:\/\/www.amfikaia.gr\/de\/wp-json\/wp\/v2\/pages\/27\/revisions"}],"wp:attachment":[{"href":"https:\/\/www.amfikaia.gr\/de\/wp-json\/wp\/v2\/media?parent=27"}],"curies":[{"name":"wp","href":"https:\/\/api.w.org\/{rel}","templated":true}]}}