{"id":3970,"date":"2024-04-02T14:31:11","date_gmt":"2024-04-02T11:31:11","guid":{"rendered":"https:\/\/www.amfikaia.gr\/?page_id=3970"},"modified":"2024-04-03T12:08:37","modified_gmt":"2024-04-03T09:08:37","slug":"cookie-policy","status":"publish","type":"page","link":"https:\/\/www.amfikaia.gr\/de\/cookie-policy\/","title":{"rendered":"Cookie Richtlinie"},"content":{"rendered":"<p><\/p>\n<h3>\u00dcber diese Cookie-Richtlinie<\/h3>\n<p>Diese Cookie-Richtlinie erkl\u00e4rt, was Cookies sind und wie wir sie verwenden. Sie sollten diese Richtlinie lesen, um zu verstehen, was Cookies sind, wie wir sie verwenden, welche Arten von Cookies wir verwenden, d.h. welche Informationen wir mithilfe von Cookies sammeln und wie diese Informationen verwendet werden und wie die Cookie-Pr\u00e4ferenzen gesteuert werden k\u00f6nnen.<\/p>\n<p>Sie k\u00f6nnen Ihre Zustimmung zur Cookie-Erkl\u00e4rung auf unserer Website jederzeit \u00e4ndern oder zur\u00fcckziehen.<br \/>\nIhre Zustimmung gilt f\u00fcr die folgenden Bereiche: www.amfikaia.gr<br \/>\n<div class=\"wt-cli-element cli_user_consent_state\"><\/div><\/p>\n<h3>Was sind Cookies?<\/h3>\n<p>Cookies sind kleine Textdateien, die dazu verwendet werden, kleine Informationen zu speichern. Die Cookies werden auf Ihrem Ger\u00e4t gespeichert, wenn die Website auf Ihren Browser geladen wird. Diese Cookies helfen uns dabei, die Website ordnungsgem\u00e4\u00df zu betreiben, die Website sicherer zu machen, eine bessere Benutzererfahrung zu bieten und zu verstehen, wie die Website funktioniert und zu analysieren, was funktioniert und wo sie verbessert werden muss.<\/p>\n<h3>Wie verwenden wir Cookies?<\/h3>\n<p>Wie die meisten Online-Dienste verwendet auch unsere Website Cookies von Erstanbietern und Drittanbietern f\u00fcr eine Reihe von Zwecken. Die First-Party-Cookies sind meistens notwendig, damit die Website richtig funktioniert, und sie erfassen keine Ihrer pers\u00f6nlichen Daten. Die Drittanbieter-Cookies, die auf unseren Websites verwendet werden, werden haupts\u00e4chlich verwendet, um zu verstehen, wie die Website funktioniert, wie Sie mit unserer Website interagieren, um unsere Dienste sicher zu halten, um Werbung zu liefern, die f\u00fcr Sie relevant ist, und alles in allem, um Ihnen eine bessere und verbesserte Benutzererfahrung zu bieten und um Ihre zuk\u00fcnftigen Interaktionen mit unserer Website zu beschleunigen.<\/p>\n<h3>Welche Arten von Cookies verwenden wir?<\/h3>\n<p>Die auf unserer Website verwendeten Cookies sind in die folgenden Kategorien eingeteilt.<\/p>\n<div class=\"wt-cli-element cli_cookie_category_single\"><div class=\"cli_cookie_category_single\"><h5 class=\"cli_cookie_category_single_hd\">Notwendige<\/h5><div class=\"cli_cookie_category_single_description\"><p>Notwendige Cookies sind f\u00fcr das einwandfreie Funktionieren der Website absolut notwendig. Diese Kategorie umfasst nur Cookies, die grundlegende Funktionalit\u00e4ten und Sicherheitsmerkmale der Website gew\u00e4hrleisten. Diese Cookies speichern keine pers\u00f6nlichen Informationen.<\/p><\/div><\/div><div class=\"cli_cookie_category_single\"><h5 class=\"cli_cookie_category_single_hd\">Werbung<\/h5><div class=\"cli_cookie_category_single_description\"><p>Werbe-Cookies werden verwendet, um Besuchern relevante Anzeigen und Marketingkampagnen zu bieten. Diese Cookies verfolgen Besucher \u00fcber Websites hinweg und sammeln Informationen, um ma\u00dfgeschneiderte Anzeigen bereitzustellen.<\/p><\/div><\/div><div class=\"cli_cookie_category_single\"><h5 class=\"cli_cookie_category_single_hd\">Analytics<\/h5><div class=\"cli_cookie_category_single_description\"><p>Analytische Cookies werden verwendet, um zu verstehen, wie Besucher mit der Website interagieren. Diese Cookies helfen dabei, Informationen \u00fcber Metriken wie Besucherzahl, Absprungrate, Verkehrsquelle usw. zu liefern.<\/p><\/div><\/div><div class=\"cli_cookie_category_single\"><h5 class=\"cli_cookie_category_single_hd\">Leistung<\/h5><div class=\"cli_cookie_category_single_description\"><p>Leistungscookies werden verwendet, um die wichtigsten Leistungsindizes der Website zu verstehen und zu analysieren, was dazu beitr\u00e4gt, den Besuchern ein besseres Benutzererlebnis zu bieten.<\/p><\/div><\/div><div class=\"cli_cookie_category_single\"><h5 class=\"cli_cookie_category_single_hd\">Funktional<\/h5><div class=\"cli_cookie_category_single_description\"><p>Dies sind die Cookies, die bestimmte nicht wesentliche Funktionen auf unserer Website unterst\u00fctzen. Zu diesen Funktionen geh\u00f6rt das Einbetten von Inhalten wie Videos oder das Teilen von Inhalten der Website auf Social Media-Plattformen.<\/p><\/div><\/div><\/div>\n<h3>Auf unserer Website verwendete Cookies<\/h3>\n<table class=\"wt-cli-element cookielawinfo-classic cookielawinfo-row-cat-table\"><thead><tr><th scope=\"col\" class=\"cookielawinfo-column-1\">Cookie<\/th><th scope=\"col\" class=\"cookielawinfo-column-4\">Beschreibung<\/th><\/thead><tbody><tr class=\"cookielawinfo-row-cat-title\"><th colspan=\"2\" class=\"cookielawinfo-row-cat-title-head\">Notwendige<\/th><\/tr><tr class=\"cookielawinfo-row\"><td class=\"cookielawinfo-column-1\">__EC_TEST__<\/td><td class=\"cookielawinfo-column-4\">2performant setzt dieses Cookie, um zu erkennen, ob der Benutzer auf die Website \u00fcber einen Computer oder ein mobiles Ger\u00e4t zugreift.<\/td><\/tr><tr class=\"cookielawinfo-row\"><td class=\"cookielawinfo-column-1\">wpEmojiSettingsSupports<\/td><td class=\"cookielawinfo-column-4\">WordPress setzt dieses Cookie, wenn ein Benutzer mit Emojis auf einer WordPress-Site interagiert. Es hilft festzustellen, ob der Browser des Benutzers Emojis ordnungsgem\u00e4\u00df anzeigen kann.<\/td><\/tr><tr class=\"cookielawinfo-row\"><td class=\"cookielawinfo-column-1\">cookielawinfo-checkbox-performance<\/td><td class=\"cookielawinfo-column-4\">Dieses vom DSGVO-Cookie-Consent-Plugin gesetzte Cookie speichert die Zustimmung des Benutzers f\u00fcr Cookies in der Kategorie \u201eLeistung\u201c.<\/td><\/tr><tr class=\"cookielawinfo-row\"><td class=\"cookielawinfo-column-1\">cookielawinfo-checkbox-analytics<\/td><td class=\"cookielawinfo-column-4\">Das Cookie wird durch die Cookie-Einwilligung gesetzt, um die Benutzereinwilligung f\u00fcr die Cookies in der Kategorie \"Analytics\" aufzuzeichnen.<\/td><\/tr><tr class=\"cookielawinfo-row\"><td class=\"cookielawinfo-column-1\">cookielawinfo-checkbox-advertisement<\/td><td class=\"cookielawinfo-column-4\">Das Cookie wird durch die Cookie-Einwilligung gesetzt, um die Benutzereinwilligung f\u00fcr die Cookies in der Kategorie \"Werbung\" aufzuzeichnen.<\/td><\/tr><tr class=\"cookielawinfo-row\"><td class=\"cookielawinfo-column-1\">cookielawinfo-checkbox-necessary<\/td><td class=\"cookielawinfo-column-4\">Das Cookie wird durch die Cookie-Einwilligung gesetzt, um die Benutzereinwilligung f\u00fcr die Cookies in der Kategorie \"Notwendige\" aufzuzeichnen.<\/td><\/tr><tr class=\"cookielawinfo-row\"><td class=\"cookielawinfo-column-1\">CookieLawInfoConsent<\/td><td class=\"cookielawinfo-column-4\">Zeichnet den Standardschaltfl\u00e4chenstatus der entsprechenden Kategorie und den Status von CCPA auf. Es funktioniert nur in Abstimmung mit dem prim\u00e4ren Cookie.<\/td><\/tr><tr class=\"cookielawinfo-row\"><td class=\"cookielawinfo-column-1\">PHPSESSID<\/td><td class=\"cookielawinfo-column-4\">Dieses Cookie stammt urspr\u00fcnglich aus PHP-Anwendungen. Das Cookie speichert und identifiziert die eindeutige Sitzungs-ID eines Benutzers, um Benutzersitzungen auf der Website zu verwalten. Das Cookie ist ein Sitzungscookie und wird gel\u00f6scht, wenn alle Browserfenster geschlossen werden.<\/td><\/tr><tr class=\"cookielawinfo-row\"><td class=\"cookielawinfo-column-1\">qtrans_front_language<\/td><td class=\"cookielawinfo-column-4\">Dieses Cookie wird verwendet, um die bevorzugte Sprache des Besuchers zu verwalten.<\/td><\/tr><tr class=\"cookielawinfo-row\"><td class=\"cookielawinfo-column-1\">viewed_cookie_policy<\/td><td class=\"cookielawinfo-column-4\">Das Cookie und dient dazu, zu speichern, ob der Benutzer der Verwendung von Cookies zugestimmt hat oder nicht. Es speichert keine pers\u00f6nlichen Daten.<\/td><\/tr><tr class=\"cookielawinfo-row-cat-title\"><th colspan=\"2\" class=\"cookielawinfo-row-cat-title-head\">Werbung<\/th><\/tr><tr class=\"cookielawinfo-row\"><td class=\"cookielawinfo-column-1\">yt-remote-connected-devices<\/td><td class=\"cookielawinfo-column-4\">YouTube setzt dieses Cookie, um die Videoeinstellungen des Nutzers zu speichern, der ein eingebettetes YouTube-Video verwendet.<\/td><\/tr><tr class=\"cookielawinfo-row\"><td class=\"cookielawinfo-column-1\">yt.innertube::nextId<\/td><td class=\"cookielawinfo-column-4\">YouTube setzt dieses Cookie, um eine eindeutige ID zu registrieren und Daten dar\u00fcber zu speichern, welche YouTube-Videos der Nutzer angesehen hat.<\/td><\/tr><tr class=\"cookielawinfo-row\"><td class=\"cookielawinfo-column-1\">yt.innertube::requests<\/td><td class=\"cookielawinfo-column-4\">YouTube setzt dieses Cookie, um eine eindeutige ID zu registrieren und Daten dar\u00fcber zu speichern, welche Videos von YouTube der Nutzer gesehen hat.<\/td><\/tr><tr class=\"cookielawinfo-row\"><td class=\"cookielawinfo-column-1\">yt-remote-device-id<\/td><td class=\"cookielawinfo-column-4\">YouTube setzt dieses Cookie, um die Videoeinstellungen des Nutzers zu speichern, der ein eingebettetes YouTube-Video verwendet.<\/td><\/tr><tr class=\"cookielawinfo-row\"><td class=\"cookielawinfo-column-1\">VISITOR_PRIVACY_METADATA<\/td><td class=\"cookielawinfo-column-4\">YouTube setzt dieses Cookie, um den Cookie-Zustimmungsstatus des Nutzers f\u00fcr die aktuelle Domain zu speichern.<\/td><\/tr><tr class=\"cookielawinfo-row\"><td class=\"cookielawinfo-column-1\">VISITOR_INFO1_LIVE<\/td><td class=\"cookielawinfo-column-4\">YouTube setzt dieses Cookie, um die Bandbreite zu messen und festzustellen, ob der Benutzer die neue oder die alte Player-Oberfl\u00e4che erh\u00e4lt.<\/td><\/tr><tr class=\"cookielawinfo-row\"><td class=\"cookielawinfo-column-1\">YSC<\/td><td class=\"cookielawinfo-column-4\">YouTube setzt dieses Cookie, um die Aufrufe eingebetteter Videos auf Youtube-Seiten zu verfolgen.<\/td><\/tr><tr class=\"cookielawinfo-row\"><td class=\"cookielawinfo-column-1\">NID<\/td><td class=\"cookielawinfo-column-4\">Das Setzen des Cookies erfolgt durch Google zu Werbezwecken; um zu begrenzen, wie oft der Benutzer eine Anzeige sieht, um unerw\u00fcnschte Anzeigen stummzuschalten und um die Wirksamkeit von Anzeigen zu messen.<\/td><\/tr><tr class=\"cookielawinfo-row-cat-title\"><th colspan=\"2\" class=\"cookielawinfo-row-cat-title-head\">Analytics<\/th><\/tr><tr class=\"cookielawinfo-row\"><td class=\"cookielawinfo-column-1\">_ga<\/td><td class=\"cookielawinfo-column-4\">Dieses Cookie wird von Google Analytics installiert. Das Cookie wird verwendet, um Besucher-, Sitzungs- und Kampagnendaten zu berechnen und die Nutzung der Website f\u00fcr den Analysebericht der Website zu verfolgen. Die Cookies speichern Informationen anonym und weisen eine zuf\u00e4llig generierte Nummer zu, um eindeutige Besucher zu identifizieren.<\/td><\/tr><tr class=\"cookielawinfo-row\"><td class=\"cookielawinfo-column-1\">_ga_*<\/td><td class=\"cookielawinfo-column-4\">Google Analytics setzt dieses Cookie, um Seitenaufrufe zu speichern und zu z\u00e4hlen.&nbsp;<\/td><\/tr><\/tbody><\/table>\n<h3>Wie kann ich die Cookie-Einstellungen kontrollieren?<\/h3>\n<p>Sie k\u00f6nnen Ihre Cookie-Pr\u00e4ferenzen verwalten, indem Sie auf die Schaltfl\u00e4che \u201eEinstellungen\u201c klicken und die Cookie-Kategorien im Popup-Fenster entsprechend Ihren Pr\u00e4ferenzen aktivieren oder deaktivieren. Sollten Sie sich entscheiden, Ihre Pr\u00e4ferenzen sp\u00e4ter w\u00e4hrend Ihrer Browsing-Sitzung zu \u00e4ndern, k\u00f6nnen Sie auf Ihrem Bildschirm auf die Registerkarte \u201eDatenschutz &amp; Cookie-Richtlinien\u201c klicken. Daraufhin wird die Einverst\u00e4ndniserkl\u00e4rung erneut angezeigt, sodass Sie Ihre Pr\u00e4ferenzen \u00e4ndern oder Ihre Zustimmung vollst\u00e4ndig zur\u00fcckziehen k\u00f6nnen. Dar\u00fcber hinaus bieten verschiedene Browser unterschiedliche Methoden zum Blockieren und L\u00f6schen von Cookies, die von Websites verwendet werden. Sie k\u00f6nnen die Einstellungen Ihres Browsers \u00e4ndern, um die Cookies zu blockieren\/l\u00f6schen. Um mehr dar\u00fcber zu erfahren, wie man Cookies verwaltet und l\u00f6scht, besuchen Sie <a href=\"https:\/\/en.wikipedia.org\/wiki\/HTTP_cookie\">wikipedia.org<\/a>, <a href=\"http:\/\/www.allaboutcookies.org\/\">www.allaboutcookies.org<\/a>.<\/p>","protected":false},"excerpt":{"rendered":"<p>\u00dcber diese Cookie-Richtlinie Diese Cookie-Richtlinie erkl\u00e4rt, was Cookies sind und wie wir sie verwenden. Sie sollten diese Richtlinie lesen, um zu verstehen, was Cookies sind, wie wir sie verwenden, welche Arten von Cookies wir verwenden, d.h. welche Informationen wir mithilfe von Cookies sammeln und wie diese Informationen verwendet werden und wie die Cookie-Pr\u00e4ferenzen gesteuert werden [&hellip;]<\/p>\n","protected":false},"author":2,"featured_media":0,"parent":0,"menu_order":0,"comment_status":"closed","ping_status":"closed","template":"","meta":{"ngg_post_thumbnail":0,"footnotes":""},"aioseo_notices":[],"_links":{"self":[{"href":"https:\/\/www.amfikaia.gr\/de\/wp-json\/wp\/v2\/pages\/3970"}],"collection":[{"href":"https:\/\/www.amfikaia.gr\/de\/wp-json\/wp\/v2\/pages"}],"about":[{"href":"https:\/\/www.amfikaia.gr\/de\/wp-json\/wp\/v2\/types\/page"}],"author":[{"embeddable":true,"href":"https:\/\/www.amfikaia.gr\/de\/wp-json\/wp\/v2\/users\/2"}],"replies":[{"embeddable":true,"href":"https:\/\/www.amfikaia.gr\/de\/wp-json\/wp\/v2\/comments?post=3970"}],"version-history":[{"count":0,"href":"https:\/\/www.amfikaia.gr\/de\/wp-json\/wp\/v2\/pages\/3970\/revisions"}],"wp:attachment":[{"href":"https:\/\/www.amfikaia.gr\/de\/wp-json\/wp\/v2\/media?parent=3970"}],"curies":[{"name":"wp","href":"https:\/\/api.w.org\/{rel}","templated":true}]}}