{"id":7,"date":"2009-12-05T06:16:22","date_gmt":"2009-12-05T12:16:22","guid":{"rendered":"https:\/\/www.amfikaia.gr\/?page_id=7"},"modified":"2011-02-22T11:27:15","modified_gmt":"2011-02-22T09:27:15","slug":"amfikaia-parnassos","status":"publish","type":"page","link":"https:\/\/www.amfikaia.gr\/de\/amfikaia-parnassos\/","title":{"rendered":"Amfikaia"},"content":{"rendered":"<p><\/p>\n<h1><strong>Die Farm<\/strong><\/h1>\n<p><strong> <\/strong>Zweihundert Hektar Land geh\u00f6ren zu diesem Paradies auf Erden. Ein Paradies so gro\u00df, dass es sich lohnt, es zu erkunden, aber dennoch klein genug, um den Puls der Natur in jedem Winkel zu sp\u00fcren. Es ist Heimat\u00a0 zahlreicher Mandel- und Birnb\u00e4ume, stolzer Wildb\u00e4ume und \u00fcppiger B\u00fcsche, geschm\u00fcckt mit wundersch\u00f6n gepflegten G\u00e4rten. Pergolen spenden Schatten, w\u00e4hrend berauschende Kr\u00e4uterd\u00fcfte die Luft durchdringen.<\/p>\n<p>Und der Berg Parnassos in der Ferne, der manchmal wei\u00df, und manchmal gr\u00fcn gekleidet ist, kennzeichnet den Lauf der Zeit und den Wechsel der Jahreszeiten. Hier respektieren wir das Land. Seine Bewirtschaftung wird stark von der Tradition gepr\u00e4gt, w\u00e4hrend wir, indem wir nur das produzieren, was das Land bietet, Geschm\u00e4cker erhalten, die schon fast in Vergessenheit geraten sind.<\/p>\n<p>Hier sch\u00fctzen wir das Leben. Wir z\u00fcchten stolze thessalische Pferde und Skyros-Ponys, die nahezu ausgestorben sind und pflegen die Tiere, die unsere Obhut genie\u00dfen, hemmungslos.<\/p>\n<p>Hier hei\u00dfen wir alle Menschen herzlich willkommen, die der Stadt entfliehen und sich wieder an die mystischen Geheimnisse der Natur erinnern m\u00f6chten. Amfikaia, mit seinen vorbildhaften Agrar-Tourismusaktivit\u00e4ten, ist kein gew\u00f6hnliches Hotel, sondern eine warme Umarmung voller Erfahrungen. Ein kleines Paradies auf den H\u00fcgeln des Berg Parnassos.<\/p>","protected":false},"excerpt":{"rendered":"<p>Die Farm Zweihundert Hektar Land geh\u00f6ren zu diesem Paradies auf Erden. Ein Paradies so gro\u00df, dass es sich lohnt, es zu erkunden, aber dennoch klein genug, um den Puls der Natur in jedem Winkel zu sp\u00fcren. Es ist Heimat\u00a0 zahlreicher Mandel- und Birnb\u00e4ume, stolzer Wildb\u00e4ume und \u00fcppiger B\u00fcsche, geschm\u00fcckt mit wundersch\u00f6n gepflegten G\u00e4rten. Pergolen spenden [&hellip;]<\/p>\n","protected":false},"author":2,"featured_media":0,"parent":0,"menu_order":0,"comment_status":"open","ping_status":"open","template":"","meta":{"ngg_post_thumbnail":0,"footnotes":""},"aioseo_notices":[],"_links":{"self":[{"href":"https:\/\/www.amfikaia.gr\/de\/wp-json\/wp\/v2\/pages\/7"}],"collection":[{"href":"https:\/\/www.amfikaia.gr\/de\/wp-json\/wp\/v2\/pages"}],"about":[{"href":"https:\/\/www.amfikaia.gr\/de\/wp-json\/wp\/v2\/types\/page"}],"author":[{"embeddable":true,"href":"https:\/\/www.amfikaia.gr\/de\/wp-json\/wp\/v2\/users\/2"}],"replies":[{"embeddable":true,"href":"https:\/\/www.amfikaia.gr\/de\/wp-json\/wp\/v2\/comments?post=7"}],"version-history":[{"count":0,"href":"https:\/\/www.amfikaia.gr\/de\/wp-json\/wp\/v2\/pages\/7\/revisions"}],"wp:attachment":[{"href":"https:\/\/www.amfikaia.gr\/de\/wp-json\/wp\/v2\/media?parent=7"}],"curies":[{"name":"wp","href":"https:\/\/api.w.org\/{rel}","templated":true}]}}